{"id":241,"date":"2023-03-27T09:12:36","date_gmt":"2023-03-27T09:12:36","guid":{"rendered":"https:\/\/faiktunay.com.tr\/?page_id=241"},"modified":"2023-03-28T09:43:20","modified_gmt":"2023-03-28T09:43:20","slug":"hakkimda","status":"publish","type":"page","link":"https:\/\/faiktunay.com.tr\/en\/hakkimda\/","title":{"rendered":"About"},"content":{"rendered":"<div data-elementor-type=\"wp-page\" data-elementor-id=\"241\" class=\"elementor elementor-241\">\n\t\t\t\t\t\t<section class=\"elementor-section elementor-top-section elementor-element elementor-element-5d65ff9 elementor-section-content-middle elementor-section-boxed elementor-section-height-default elementor-section-height-default xts-section-disabled\" data-id=\"5d65ff9\" data-element_type=\"section\">\n\t\t\t\t\t\t<div class=\"elementor-container elementor-column-gap-wider\">\n\t\t\t\t\t<div class=\"elementor-column elementor-col-66 elementor-top-column elementor-element elementor-element-45f3a8e\" data-id=\"45f3a8e\" data-element_type=\"column\">\n\t\t\t<div class=\"elementor-widget-wrap elementor-element-populated\">\n\t\t\t\t\t\t<div class=\"elementor-element elementor-element-db1691e xts-scheme-inherit xts-textalign-inherit elementor-widget elementor-widget-text-editor\" data-id=\"db1691e\" data-element_type=\"widget\" data-widget_type=\"text-editor.default\">\n\t\t\t\t<div class=\"elementor-widget-container\">\n\t\t\t\t\t\t\t<h3>Light for the Youth and the Future<\/h3><p>Faik Tunay was born on March 5, 1981 in Istanbul as first child of a family of Balkan and Trabzon origin. The Balkans, often referred to as the Balkan Peninsula, and recently also as \u201cSoutheast Europe\u201c, although none of the three exactly share borders, is a geopolitical and cultural region of southeastern Europe. Trabzon is a city in the Blacksea region of Turkey. After completing his first-middle and high school education at \u015ei\u015fli Terakki High School, Tunay graduated from Marmara University, Department of Econometrics, Faculty of Economics and Administrative Sciences. After his graduation from the university, in order to improve and promote his foreign languages which he started studying in secondary school, he went abroad for three years. (one year in Rome,one year in Madrid-Spain,one year in Zagreb-Croatia)<\/p><p>After returning back to Turkey, Faik Tunay completed his military service at Yozgat as gendarme and continued his professional career as Sales Manager at an international company. (The Coca-Cola Company He resigned from this company voluntarily after two years and then began to deal with his personal business. His family-owned companies are active in four different sectors. Construction \u2013Agriculture \u2013 Advertisement, and Foreign Trade,  for over 20 years<\/p><p>Beside his business career Faik Tunay is active in politics for more than twenty years . He started his political career very early at the age of 18.Between 1999-2004, he hold different political positions in Motherland Party.(Anavatan Partisi)<\/p><p>Faik Tunay represented Republic of Turkey at European Youth Convention held in Brussels for the first time in 2002. Between the years 2002-2004, he worked as Vice Chairman of  IYDU (International Young Democrat Union). In this process, he attended conferences and the panels held in many countries as keynote speaker and participant. Faik  Tunay was elected as the youngest city councillor  of \u015ei\u015fli Municipality at local elections of 2009, \u015ei\u015fli is one of the biggest municipality among 39 municipalities in \u0130stanbul.  Faik Tunay was elected as a member of Turkish Grand National Assembly at general elections of 2011. He is also member of the Foreign Affairs Committee. He speaks English, Italian, Spanish, Bosnian (Croatian) and is deputy chairman of the Federation of Rumeli and Balkan Turks as well as member of congress at Trabzonspor. (Trabzonspor is one of the famous soccer club in Turkey).<\/p>\t\t\t\t\t\t<\/div>\n\t\t\t\t<\/div>\n\t\t\t\t\t<\/div>\n\t\t<\/div>\n\t\t\t\t<div class=\"elementor-column elementor-col-33 elementor-top-column elementor-element elementor-element-ff84996\" data-id=\"ff84996\" data-element_type=\"column\">\n\t\t\t<div class=\"elementor-widget-wrap elementor-element-populated\">\n\t\t\t\t\t\t<div class=\"elementor-element elementor-element-20b7b1e elementor-widget elementor-widget-image\" data-id=\"20b7b1e\" data-element_type=\"widget\" data-widget_type=\"image.default\">\n\t\t\t\t<div class=\"elementor-widget-container\">\n\t\t\t\t\t\t\t\t\t\t\t\t\t<img fetchpriority=\"high\" decoding=\"async\" width=\"610\" height=\"710\" src=\"https:\/\/faiktunay.com.tr\/wp-content\/uploads\/2023\/03\/ft-center-roll.png\" class=\"attachment-large size-large wp-image-254\" alt=\"\" srcset=\"https:\/\/faiktunay.com.tr\/wp-content\/uploads\/2023\/03\/ft-center-roll.png 610w, https:\/\/faiktunay.com.tr\/wp-content\/uploads\/2023\/03\/ft-center-roll-258x300.png 258w, https:\/\/faiktunay.com.tr\/wp-content\/uploads\/2023\/03\/ft-center-roll-600x698.png 600w, https:\/\/faiktunay.com.tr\/wp-content\/uploads\/2023\/03\/ft-center-roll-200x233.png 200w\" sizes=\"(max-width: 610px) 100vw, 610px\" \/>\t\t\t\t\t\t\t\t\t\t\t\t\t<\/div>\n\t\t\t\t<\/div>\n\t\t\t\t\t<\/div>\n\t\t<\/div>\n\t\t\t\t\t<\/div>\n\t\t<\/section>\n\t\t\t\t<\/div>","protected":false},"excerpt":{"rendered":"<p>Light to Youth and the Future He was born in Istanbul on March 5, 1981, as the first child of a family of Rumelia, Balkan and Trabzon origin. He completed his university education at Marmara University, Faculty of Economics and Administrative Sciences, Department of Econometrics. After his university education, he stayed abroad for three years to improve and further improve his foreign languages, which he started to develop during his secondary school years. (One year in Italy [\u2026]<\/p>","protected":false},"author":1,"featured_media":0,"parent":0,"menu_order":0,"comment_status":"closed","ping_status":"closed","template":"","meta":{"footnotes":""},"class_list":["post-241","page","type-page","status-publish","hentry"],"yoast_head":"<!-- This site is optimized with the Yoast SEO plugin v25.7 - https:\/\/yoast.com\/wordpress\/plugins\/seo\/ -->\n<title>Hakk\u0131mda - Faik Tunay<\/title>\n<meta name=\"robots\" content=\"index, follow, max-snippet:-1, max-image-preview:large, max-video-preview:-1\" \/>\n<link rel=\"canonical\" href=\"https:\/\/faiktunay.com.tr\/en\/hakkimda\/\" \/>\n<meta property=\"og:locale\" content=\"en_US\" \/>\n<meta property=\"og:type\" content=\"article\" \/>\n<meta property=\"og:title\" content=\"Hakk\u0131mda - Faik Tunay\" \/>\n<meta property=\"og:description\" content=\"Gen\u00e7lere ve Gelece\u011fe I\u015f\u0131k Rumeli Balkan ve Trabzon k\u00f6kenli bir ailenin ilk \u00e7ocu\u011fu olarak 5 Mart 1981 tarihinde \u0130stanbul\u2019da do\u011fdu. \u00dcniversite e\u011fitimini Marmara \u00dcniversitesi \u0130ktisadi ve \u0130dari Bilimler Fak\u00fcltesi Ekonometri B\u00f6l\u00fcm\u00fc\u2019nde tamamlad\u0131. \u00dcniversite e\u011fitiminden sonra altyap\u0131lar\u0131n\u0131 ortaokul y\u0131llar\u0131nda atmaya ba\u015flad\u0131\u011f\u0131 yabanc\u0131 dillerini geli\u015ftirmek ve daha da ilerletmek i\u00e7in \u00fc\u00e7 y\u0131l yurtd\u0131\u015f\u0131nda kald\u0131. (Bir y\u0131l \u0130talya [&hellip;]\" \/>\n<meta property=\"og:url\" content=\"https:\/\/faiktunay.com.tr\/en\/hakkimda\/\" \/>\n<meta property=\"og:site_name\" content=\"Faik Tunay\" \/>\n<meta property=\"article:modified_time\" content=\"2023-03-28T09:43:20+00:00\" \/>\n<meta property=\"og:image\" content=\"https:\/\/faiktunay.com.tr\/wp-content\/uploads\/2023\/03\/ft-center-roll.png\" \/>\n\t<meta property=\"og:image:width\" content=\"610\" \/>\n\t<meta property=\"og:image:height\" content=\"710\" \/>\n\t<meta property=\"og:image:type\" content=\"image\/png\" \/>\n<meta name=\"twitter:card\" content=\"summary_large_image\" \/>\n<meta name=\"twitter:label1\" content=\"Est. reading time\" \/>\n\t<meta name=\"twitter:data1\" content=\"1 minute\" \/>\n<script type=\"application\/ld+json\" class=\"yoast-schema-graph\">{\"@context\":\"https:\/\/schema.org\",\"@graph\":[{\"@type\":\"WebPage\",\"@id\":\"https:\/\/faiktunay.com.tr\/hakkimda\/\",\"url\":\"https:\/\/faiktunay.com.tr\/hakkimda\/\",\"name\":\"Hakk\u0131mda - Faik Tunay\",\"isPartOf\":{\"@id\":\"https:\/\/faiktunay.com.tr\/#website\"},\"primaryImageOfPage\":{\"@id\":\"https:\/\/faiktunay.com.tr\/hakkimda\/#primaryimage\"},\"image\":{\"@id\":\"https:\/\/faiktunay.com.tr\/hakkimda\/#primaryimage\"},\"thumbnailUrl\":\"https:\/\/faiktunay.com.tr\/wp-content\/uploads\/2023\/03\/ft-center-roll.png\",\"datePublished\":\"2023-03-27T09:12:36+00:00\",\"dateModified\":\"2023-03-28T09:43:20+00:00\",\"breadcrumb\":{\"@id\":\"https:\/\/faiktunay.com.tr\/hakkimda\/#breadcrumb\"},\"inLanguage\":\"en-US\",\"potentialAction\":[{\"@type\":\"ReadAction\",\"target\":[\"https:\/\/faiktunay.com.tr\/hakkimda\/\"]}]},{\"@type\":\"ImageObject\",\"inLanguage\":\"en-US\",\"@id\":\"https:\/\/faiktunay.com.tr\/hakkimda\/#primaryimage\",\"url\":\"https:\/\/faiktunay.com.tr\/wp-content\/uploads\/2023\/03\/ft-center-roll.png\",\"contentUrl\":\"https:\/\/faiktunay.com.tr\/wp-content\/uploads\/2023\/03\/ft-center-roll.png\"},{\"@type\":\"BreadcrumbList\",\"@id\":\"https:\/\/faiktunay.com.tr\/hakkimda\/#breadcrumb\",\"itemListElement\":[{\"@type\":\"ListItem\",\"position\":1,\"name\":\"Anasayfa\",\"item\":\"https:\/\/faiktunay.com.tr\/\"},{\"@type\":\"ListItem\",\"position\":2,\"name\":\"Hakk\u0131mda\"}]},{\"@type\":\"WebSite\",\"@id\":\"https:\/\/faiktunay.com.tr\/#website\",\"url\":\"https:\/\/faiktunay.com.tr\/\",\"name\":\"Faik Tunay\",\"description\":\"\",\"publisher\":{\"@id\":\"https:\/\/faiktunay.com.tr\/#\/schema\/person\/c49b0bc68a3e76483795a134219cf7cd\"},\"potentialAction\":[{\"@type\":\"SearchAction\",\"target\":{\"@type\":\"EntryPoint\",\"urlTemplate\":\"https:\/\/faiktunay.com.tr\/?s={search_term_string}\"},\"query-input\":{\"@type\":\"PropertyValueSpecification\",\"valueRequired\":true,\"valueName\":\"search_term_string\"}}],\"inLanguage\":\"en-US\"},{\"@type\":[\"Person\",\"Organization\"],\"@id\":\"https:\/\/faiktunay.com.tr\/#\/schema\/person\/c49b0bc68a3e76483795a134219cf7cd\",\"name\":\"Faik Tunay\",\"logo\":{\"@id\":\"https:\/\/faiktunay.com.tr\/#\/schema\/person\/image\/\"},\"sameAs\":[\"https:\/\/faiktunay.com.tr\"]}]}<\/script>\n<!-- \/ Yoast SEO plugin. -->","yoast_head_json":{"title":"Hakk\u0131mda - Faik Tunay","robots":{"index":"index","follow":"follow","max-snippet":"max-snippet:-1","max-image-preview":"max-image-preview:large","max-video-preview":"max-video-preview:-1"},"canonical":"https:\/\/faiktunay.com.tr\/en\/hakkimda\/","og_locale":"en_US","og_type":"article","og_title":"Hakk\u0131mda - Faik Tunay","og_description":"Gen\u00e7lere ve Gelece\u011fe I\u015f\u0131k Rumeli Balkan ve Trabzon k\u00f6kenli bir ailenin ilk \u00e7ocu\u011fu olarak 5 Mart 1981 tarihinde \u0130stanbul\u2019da do\u011fdu. \u00dcniversite e\u011fitimini Marmara \u00dcniversitesi \u0130ktisadi ve \u0130dari Bilimler Fak\u00fcltesi Ekonometri B\u00f6l\u00fcm\u00fc\u2019nde tamamlad\u0131. \u00dcniversite e\u011fitiminden sonra altyap\u0131lar\u0131n\u0131 ortaokul y\u0131llar\u0131nda atmaya ba\u015flad\u0131\u011f\u0131 yabanc\u0131 dillerini geli\u015ftirmek ve daha da ilerletmek i\u00e7in \u00fc\u00e7 y\u0131l yurtd\u0131\u015f\u0131nda kald\u0131. (Bir y\u0131l \u0130talya [&hellip;]","og_url":"https:\/\/faiktunay.com.tr\/en\/hakkimda\/","og_site_name":"Faik Tunay","article_modified_time":"2023-03-28T09:43:20+00:00","og_image":[{"width":610,"height":710,"url":"https:\/\/faiktunay.com.tr\/wp-content\/uploads\/2023\/03\/ft-center-roll.png","type":"image\/png"}],"twitter_card":"summary_large_image","twitter_misc":{"Est. reading time":"1 minute"},"schema":{"@context":"https:\/\/schema.org","@graph":[{"@type":"WebPage","@id":"https:\/\/faiktunay.com.tr\/hakkimda\/","url":"https:\/\/faiktunay.com.tr\/hakkimda\/","name":"Hakk\u0131mda - Faik Tunay","isPartOf":{"@id":"https:\/\/faiktunay.com.tr\/#website"},"primaryImageOfPage":{"@id":"https:\/\/faiktunay.com.tr\/hakkimda\/#primaryimage"},"image":{"@id":"https:\/\/faiktunay.com.tr\/hakkimda\/#primaryimage"},"thumbnailUrl":"https:\/\/faiktunay.com.tr\/wp-content\/uploads\/2023\/03\/ft-center-roll.png","datePublished":"2023-03-27T09:12:36+00:00","dateModified":"2023-03-28T09:43:20+00:00","breadcrumb":{"@id":"https:\/\/faiktunay.com.tr\/hakkimda\/#breadcrumb"},"inLanguage":"en-US","potentialAction":[{"@type":"ReadAction","target":["https:\/\/faiktunay.com.tr\/hakkimda\/"]}]},{"@type":"ImageObject","inLanguage":"en-US","@id":"https:\/\/faiktunay.com.tr\/hakkimda\/#primaryimage","url":"https:\/\/faiktunay.com.tr\/wp-content\/uploads\/2023\/03\/ft-center-roll.png","contentUrl":"https:\/\/faiktunay.com.tr\/wp-content\/uploads\/2023\/03\/ft-center-roll.png"},{"@type":"BreadcrumbList","@id":"https:\/\/faiktunay.com.tr\/hakkimda\/#breadcrumb","itemListElement":[{"@type":"ListItem","position":1,"name":"Anasayfa","item":"https:\/\/faiktunay.com.tr\/"},{"@type":"ListItem","position":2,"name":"Hakk\u0131mda"}]},{"@type":"WebSite","@id":"https:\/\/faiktunay.com.tr\/#website","url":"https:\/\/faiktunay.com.tr\/","name":"Faik Tunay","description":"","publisher":{"@id":"https:\/\/faiktunay.com.tr\/#\/schema\/person\/c49b0bc68a3e76483795a134219cf7cd"},"potentialAction":[{"@type":"SearchAction","target":{"@type":"EntryPoint","urlTemplate":"https:\/\/faiktunay.com.tr\/?s={search_term_string}"},"query-input":{"@type":"PropertyValueSpecification","valueRequired":true,"valueName":"search_term_string"}}],"inLanguage":"en-US"},{"@type":["Person","Organization"],"@id":"https:\/\/faiktunay.com.tr\/#\/schema\/person\/c49b0bc68a3e76483795a134219cf7cd","name":"Faik Tunay","logo":{"@id":"https:\/\/faiktunay.com.tr\/#\/schema\/person\/image\/"},"sameAs":["https:\/\/faiktunay.com.tr"]}]}},"_links":{"self":[{"href":"https:\/\/faiktunay.com.tr\/en\/wp-json\/wp\/v2\/pages\/241","targetHints":{"allow":["GET"]}}],"collection":[{"href":"https:\/\/faiktunay.com.tr\/en\/wp-json\/wp\/v2\/pages"}],"about":[{"href":"https:\/\/faiktunay.com.tr\/en\/wp-json\/wp\/v2\/types\/page"}],"author":[{"embeddable":true,"href":"https:\/\/faiktunay.com.tr\/en\/wp-json\/wp\/v2\/users\/1"}],"replies":[{"embeddable":true,"href":"https:\/\/faiktunay.com.tr\/en\/wp-json\/wp\/v2\/comments?post=241"}],"version-history":[{"count":0,"href":"https:\/\/faiktunay.com.tr\/en\/wp-json\/wp\/v2\/pages\/241\/revisions"}],"wp:attachment":[{"href":"https:\/\/faiktunay.com.tr\/en\/wp-json\/wp\/v2\/media?parent=241"}],"curies":[{"name":"wp","href":"https:\/\/api.w.org\/{rel}","templated":true}]}}