{"id":279,"date":"2023-03-27T09:47:45","date_gmt":"2023-03-27T09:47:45","guid":{"rendered":"https:\/\/faiktunay.com.tr\/?page_id=279"},"modified":"2024-12-10T11:04:25","modified_gmt":"2024-12-10T11:04:25","slug":"turk-ticaret-bankasi","status":"publish","type":"page","link":"https:\/\/faiktunay.com.tr\/en\/turk-ticaret-bankasi\/","title":{"rendered":"Turkish Commercial Bank"},"content":{"rendered":"<div data-elementor-type=\"wp-page\" data-elementor-id=\"279\" class=\"elementor elementor-279\">\n\t\t\t\t\t\t<section class=\"elementor-section elementor-top-section elementor-element elementor-element-9bbe11c elementor-section-content-middle elementor-section-boxed elementor-section-height-default elementor-section-height-default xts-section-disabled\" data-id=\"9bbe11c\" data-element_type=\"section\">\n\t\t\t\t\t\t<div class=\"elementor-container elementor-column-gap-wider\">\n\t\t\t\t\t<div class=\"elementor-column elementor-col-50 elementor-top-column elementor-element elementor-element-24f8b16\" data-id=\"24f8b16\" data-element_type=\"column\">\n\t\t\t<div class=\"elementor-widget-wrap elementor-element-populated\">\n\t\t\t\t\t\t<div class=\"elementor-element elementor-element-50045d9 xts-scheme-inherit xts-textalign-inherit elementor-widget elementor-widget-text-editor\" data-id=\"50045d9\" data-element_type=\"widget\" data-widget_type=\"text-editor.default\">\n\t\t\t\t<div class=\"elementor-widget-container\">\n\t\t\t\t\t\t\t<p><strong>Turkish Trade Bank was the first bank established by a Muslim private enterprise not only within the borders of the Ottoman Empire, but also in the Islamic world at that time.<\/strong><\/p><p>It was founded in Sakarya in March 1913 by 13 businessmen and tradesmen, most of whom immigrated from Rumelia to the Ottoman Empire.<\/p><p>The bank&#039;s largest shareholder and first Chairman of the Board of Directors is Faik Tunay&#039;s great grandfather, Hac\u0131 Adem \u0130brahim Beyzade. It was Turkey&#039;s fifth largest bank for a while.<\/p>\t\t\t\t\t\t<\/div>\n\t\t\t\t<\/div>\n\t\t\t\t\t<\/div>\n\t\t<\/div>\n\t\t\t\t<div class=\"elementor-column elementor-col-50 elementor-top-column elementor-element elementor-element-afc3ae0\" data-id=\"afc3ae0\" data-element_type=\"column\">\n\t\t\t<div class=\"elementor-widget-wrap elementor-element-populated\">\n\t\t\t\t\t\t<div class=\"elementor-element elementor-element-a2c0fee elementor-widget elementor-widget-image\" data-id=\"a2c0fee\" data-element_type=\"widget\" data-widget_type=\"image.default\">\n\t\t\t\t<div class=\"elementor-widget-container\">\n\t\t\t\t\t\t\t\t\t\t\t\t\t<img fetchpriority=\"high\" decoding=\"async\" width=\"1024\" height=\"634\" src=\"https:\/\/faiktunay.com.tr\/wp-content\/uploads\/2023\/03\/islamtcrt-1930-1024x634-1.jpg\" class=\"attachment-large size-large wp-image-284\" alt=\"\" srcset=\"https:\/\/faiktunay.com.tr\/wp-content\/uploads\/2023\/03\/islamtcrt-1930-1024x634-1.jpg 1024w, https:\/\/faiktunay.com.tr\/wp-content\/uploads\/2023\/03\/islamtcrt-1930-1024x634-1-300x186.jpg 300w, https:\/\/faiktunay.com.tr\/wp-content\/uploads\/2023\/03\/islamtcrt-1930-1024x634-1-768x476.jpg 768w, https:\/\/faiktunay.com.tr\/wp-content\/uploads\/2023\/03\/islamtcrt-1930-1024x634-1-18x12.jpg 18w, https:\/\/faiktunay.com.tr\/wp-content\/uploads\/2023\/03\/islamtcrt-1930-1024x634-1-600x371.jpg 600w, https:\/\/faiktunay.com.tr\/wp-content\/uploads\/2023\/03\/islamtcrt-1930-1024x634-1-200x124.jpg 200w, https:\/\/faiktunay.com.tr\/wp-content\/uploads\/2023\/03\/islamtcrt-1930-1024x634-1-750x464.jpg 750w\" sizes=\"(max-width: 1024px) 100vw, 1024px\" \/>\t\t\t\t\t\t\t\t\t\t\t\t\t<\/div>\n\t\t\t\t<\/div>\n\t\t\t\t\t<\/div>\n\t\t<\/div>\n\t\t\t\t\t<\/div>\n\t\t<\/section>\n\t\t\t\t<section class=\"elementor-section elementor-top-section elementor-element elementor-element-b318b5d elementor-section-content-middle elementor-section-boxed elementor-section-height-default elementor-section-height-default xts-section-disabled\" data-id=\"b318b5d\" data-element_type=\"section\">\n\t\t\t\t\t\t<div class=\"elementor-container elementor-column-gap-wider\">\n\t\t\t\t\t<div class=\"elementor-column elementor-col-50 elementor-top-column elementor-element elementor-element-4849d32\" data-id=\"4849d32\" data-element_type=\"column\">\n\t\t\t<div class=\"elementor-widget-wrap elementor-element-populated\">\n\t\t\t\t\t\t<div class=\"elementor-element elementor-element-010899a elementor-widget elementor-widget-image\" data-id=\"010899a\" data-element_type=\"widget\" data-widget_type=\"image.default\">\n\t\t\t\t<div class=\"elementor-widget-container\">\n\t\t\t\t\t\t\t\t\t\t\t\t\t<img decoding=\"async\" width=\"486\" height=\"583\" src=\"https:\/\/faiktunay.com.tr\/wp-content\/uploads\/2024\/12\/haci-adem-beyzade.png\" class=\"attachment-large size-large wp-image-807\" alt=\"\" srcset=\"https:\/\/faiktunay.com.tr\/wp-content\/uploads\/2024\/12\/haci-adem-beyzade.png 486w, https:\/\/faiktunay.com.tr\/wp-content\/uploads\/2024\/12\/haci-adem-beyzade-250x300.png 250w, https:\/\/faiktunay.com.tr\/wp-content\/uploads\/2024\/12\/haci-adem-beyzade-10x12.png 10w\" sizes=\"(max-width: 486px) 100vw, 486px\" \/>\t\t\t\t\t\t\t\t\t\t\t\t\t<\/div>\n\t\t\t\t<\/div>\n\t\t\t\t\t<\/div>\n\t\t<\/div>\n\t\t\t\t<div class=\"elementor-column elementor-col-50 elementor-top-column elementor-element elementor-element-5c04161\" data-id=\"5c04161\" data-element_type=\"column\">\n\t\t\t<div class=\"elementor-widget-wrap elementor-element-populated\">\n\t\t\t\t\t\t<div class=\"elementor-element elementor-element-959c1e6 xts-scheme-inherit xts-textalign-inherit elementor-widget elementor-widget-text-editor\" data-id=\"959c1e6\" data-element_type=\"widget\" data-widget_type=\"text-editor.default\">\n\t\t\t\t<div class=\"elementor-widget-container\">\n\t\t\t\t\t\t\t<div><strong>The bank was established with a capital of 13,629.63 Oman Lira by issuing 1000 shares worth 1472 kuru\u015f by the founding partners who paid five kuru\u015f per week and twenty-seven kuru\u015f every three months.<\/strong><\/div><div>\u00a0<\/div><div>The registered name of the bank is Hac\u0131 Adem Beyzade \u0130brahim, Sipahizade Hamit and \u015e\u00fcrekas\u0131 Adapazar\u0131 Islamic Trade Bank.<\/div><div>\u00a0<\/div><div>Finans kurumlar\u0131n\u0131n %99&#8217;unun gayrim\u00fcslimlerin kontrol\u00fcnde oldu\u011fu bir zaman diliminde bankan\u0131n kurulu\u015fu devrim niteli\u011finde bir giri\u015fimdi. Banka alt\u0131 senede faizsiz bankac\u0131l\u0131k yapm\u0131\u015ft\u0131r, Osmanl\u0131 \u0130mparatorlu\u011fu \u00a0topraklar\u0131 i\u00e7erisinde M\u00fcsl\u00fcmanlar taraf\u0131ndan kurulup , faizsiz bankac\u0131l\u0131k yapanda ilk bankad\u0131r. 15 May\u0131s 1924 tarihinde Adapazar\u0131 \u0130slam Ticaret Bankas\u0131 T\u00fcrk Anonim \u015eirketini ad\u0131n\u0131 alan banka, 29 Mart 1928 tarihinde \u00a0Adapazar\u0131 T\u00fcrk Ticaret Bankas\u0131 A.\u015e ad\u0131n\u0131 alm\u0131\u015ft\u0131r. \u00a01934 y\u0131l\u0131nda bizzat Atat\u00fcrk&#8217;\u00fcn iste\u011fi ile merkezini Ankara&#8217;ya ta\u015f\u0131y\u0131p, T\u00fcrk Ticaret Bankas\u0131 ad\u0131n\u0131 alm\u0131\u015ft\u0131r. 2001 y\u0131l\u0131nda bankac\u0131l\u0131k faaliyetleri sonland\u0131r\u0131lana kadar T\u00fcrkiye&#8217;de bir\u00e7ok ilklere imza atan banka olmu\u015ftur.<\/div>\t\t\t\t\t\t<\/div>\n\t\t\t\t<\/div>\n\t\t\t\t\t<\/div>\n\t\t<\/div>\n\t\t\t\t\t<\/div>\n\t\t<\/section>\n\t\t\t\t<\/div>","protected":false},"excerpt":{"rendered":"<p>Turkish Trade Bank was the first bank established by a Muslim private enterprise not only within the borders of the Ottoman Empire, but also in the Islamic world at that time. It was founded in Sakarya in March 1913 by 13 businessmen and tradesmen, most of whom immigrated from Rumelia to the Ottoman Empire. The bank&#039;s largest shareholder and first Chairman of the Board of Directors is Faik Tunay&#039;s great grandfather, Hac\u0131 Adem \u0130brahim Beyzade. For a while, it was Turkey&#039;s fifth largest [...]<\/p>","protected":false},"author":1,"featured_media":0,"parent":0,"menu_order":0,"comment_status":"closed","ping_status":"closed","template":"","meta":{"footnotes":""},"class_list":["post-279","page","type-page","status-publish","hentry"],"yoast_head":"<!-- This site is optimized with the Yoast SEO plugin v25.7 - https:\/\/yoast.com\/wordpress\/plugins\/seo\/ -->\n<title>T\u00fcrk Ticaret Bankas\u0131 - Faik Tunay<\/title>\n<meta name=\"robots\" content=\"index, follow, max-snippet:-1, max-image-preview:large, max-video-preview:-1\" \/>\n<link rel=\"canonical\" href=\"https:\/\/faiktunay.com.tr\/en\/turk-ticaret-bankasi\/\" \/>\n<meta property=\"og:locale\" content=\"en_US\" \/>\n<meta property=\"og:type\" content=\"article\" \/>\n<meta property=\"og:title\" content=\"T\u00fcrk Ticaret Bankas\u0131 - Faik Tunay\" \/>\n<meta property=\"og:description\" content=\"T\u00fcrk Ticaret Bankas\u0131 yaln\u0131z Osmanl\u0131 \u0130mparatorlu\u011fu s\u0131n\u0131rlar\u0131 i\u00e7erisinde de\u011fil, o tarihte islam alemi i\u00e7inde m\u00fcsl\u00fcman \u00f6zel te\u015febb\u00fcs\u00fcn kurdu\u011fu ilk bankad\u0131r. \u00c7o\u011funlu\u011fu Rumeli\u2019den Osmanl\u0131\u2019ya g\u00f6\u00e7edenlerden\u00a0olu\u015fan 13 i\u015fadam\u0131 ve esnaf taraf\u0131ndan Mart 1913 y\u0131l\u0131nda Sakarya\u2019da kurulmu\u015ftur. Bankan\u0131n en b\u00fcy\u00fck hissedar\u0131 ve ilk Y\u00f6netim Kurulu Ba\u015fkan\u0131 Faik Tunay\u2019\u0131n\u00a0b\u00fcy\u00fck dedesi Hac\u0131 Adem \u0130brahim Beyzade\u2019dir. Bir d\u00f6nem T\u00fcrkiye\u2019nin be\u015finci en [&hellip;]\" \/>\n<meta property=\"og:url\" content=\"https:\/\/faiktunay.com.tr\/en\/turk-ticaret-bankasi\/\" \/>\n<meta property=\"og:site_name\" content=\"Faik Tunay\" \/>\n<meta property=\"article:modified_time\" content=\"2024-12-10T11:04:25+00:00\" \/>\n<meta property=\"og:image\" content=\"https:\/\/faiktunay.com.tr\/wp-content\/uploads\/2023\/03\/islamtcrt-1930-1024x634-1.jpg\" \/>\n\t<meta property=\"og:image:width\" content=\"1024\" \/>\n\t<meta property=\"og:image:height\" content=\"634\" \/>\n\t<meta property=\"og:image:type\" content=\"image\/jpeg\" \/>\n<meta name=\"twitter:card\" content=\"summary_large_image\" \/>\n<meta name=\"twitter:label1\" content=\"Est. reading time\" \/>\n\t<meta name=\"twitter:data1\" content=\"1 minute\" \/>\n<script type=\"application\/ld+json\" class=\"yoast-schema-graph\">{\"@context\":\"https:\/\/schema.org\",\"@graph\":[{\"@type\":\"WebPage\",\"@id\":\"https:\/\/faiktunay.com.tr\/turk-ticaret-bankasi\/\",\"url\":\"https:\/\/faiktunay.com.tr\/turk-ticaret-bankasi\/\",\"name\":\"T\u00fcrk Ticaret Bankas\u0131 - Faik Tunay\",\"isPartOf\":{\"@id\":\"https:\/\/faiktunay.com.tr\/#website\"},\"primaryImageOfPage\":{\"@id\":\"https:\/\/faiktunay.com.tr\/turk-ticaret-bankasi\/#primaryimage\"},\"image\":{\"@id\":\"https:\/\/faiktunay.com.tr\/turk-ticaret-bankasi\/#primaryimage\"},\"thumbnailUrl\":\"https:\/\/faiktunay.com.tr\/wp-content\/uploads\/2023\/03\/islamtcrt-1930-1024x634-1.jpg\",\"datePublished\":\"2023-03-27T09:47:45+00:00\",\"dateModified\":\"2024-12-10T11:04:25+00:00\",\"breadcrumb\":{\"@id\":\"https:\/\/faiktunay.com.tr\/turk-ticaret-bankasi\/#breadcrumb\"},\"inLanguage\":\"en-US\",\"potentialAction\":[{\"@type\":\"ReadAction\",\"target\":[\"https:\/\/faiktunay.com.tr\/turk-ticaret-bankasi\/\"]}]},{\"@type\":\"ImageObject\",\"inLanguage\":\"en-US\",\"@id\":\"https:\/\/faiktunay.com.tr\/turk-ticaret-bankasi\/#primaryimage\",\"url\":\"https:\/\/faiktunay.com.tr\/wp-content\/uploads\/2023\/03\/islamtcrt-1930-1024x634-1.jpg\",\"contentUrl\":\"https:\/\/faiktunay.com.tr\/wp-content\/uploads\/2023\/03\/islamtcrt-1930-1024x634-1.jpg\"},{\"@type\":\"BreadcrumbList\",\"@id\":\"https:\/\/faiktunay.com.tr\/turk-ticaret-bankasi\/#breadcrumb\",\"itemListElement\":[{\"@type\":\"ListItem\",\"position\":1,\"name\":\"Anasayfa\",\"item\":\"https:\/\/faiktunay.com.tr\/\"},{\"@type\":\"ListItem\",\"position\":2,\"name\":\"T\u00fcrk Ticaret Bankas\u0131\"}]},{\"@type\":\"WebSite\",\"@id\":\"https:\/\/faiktunay.com.tr\/#website\",\"url\":\"https:\/\/faiktunay.com.tr\/\",\"name\":\"Faik Tunay\",\"description\":\"\",\"publisher\":{\"@id\":\"https:\/\/faiktunay.com.tr\/#\/schema\/person\/c49b0bc68a3e76483795a134219cf7cd\"},\"potentialAction\":[{\"@type\":\"SearchAction\",\"target\":{\"@type\":\"EntryPoint\",\"urlTemplate\":\"https:\/\/faiktunay.com.tr\/?s={search_term_string}\"},\"query-input\":{\"@type\":\"PropertyValueSpecification\",\"valueRequired\":true,\"valueName\":\"search_term_string\"}}],\"inLanguage\":\"en-US\"},{\"@type\":[\"Person\",\"Organization\"],\"@id\":\"https:\/\/faiktunay.com.tr\/#\/schema\/person\/c49b0bc68a3e76483795a134219cf7cd\",\"name\":\"Faik Tunay\",\"logo\":{\"@id\":\"https:\/\/faiktunay.com.tr\/#\/schema\/person\/image\/\"},\"sameAs\":[\"https:\/\/faiktunay.com.tr\"]}]}<\/script>\n<!-- \/ Yoast SEO plugin. -->","yoast_head_json":{"title":"T\u00fcrk Ticaret Bankas\u0131 - Faik Tunay","robots":{"index":"index","follow":"follow","max-snippet":"max-snippet:-1","max-image-preview":"max-image-preview:large","max-video-preview":"max-video-preview:-1"},"canonical":"https:\/\/faiktunay.com.tr\/en\/turk-ticaret-bankasi\/","og_locale":"en_US","og_type":"article","og_title":"T\u00fcrk Ticaret Bankas\u0131 - Faik Tunay","og_description":"T\u00fcrk Ticaret Bankas\u0131 yaln\u0131z Osmanl\u0131 \u0130mparatorlu\u011fu s\u0131n\u0131rlar\u0131 i\u00e7erisinde de\u011fil, o tarihte islam alemi i\u00e7inde m\u00fcsl\u00fcman \u00f6zel te\u015febb\u00fcs\u00fcn kurdu\u011fu ilk bankad\u0131r. \u00c7o\u011funlu\u011fu Rumeli\u2019den Osmanl\u0131\u2019ya g\u00f6\u00e7edenlerden\u00a0olu\u015fan 13 i\u015fadam\u0131 ve esnaf taraf\u0131ndan Mart 1913 y\u0131l\u0131nda Sakarya\u2019da kurulmu\u015ftur. Bankan\u0131n en b\u00fcy\u00fck hissedar\u0131 ve ilk Y\u00f6netim Kurulu Ba\u015fkan\u0131 Faik Tunay\u2019\u0131n\u00a0b\u00fcy\u00fck dedesi Hac\u0131 Adem \u0130brahim Beyzade\u2019dir. Bir d\u00f6nem T\u00fcrkiye\u2019nin be\u015finci en [&hellip;]","og_url":"https:\/\/faiktunay.com.tr\/en\/turk-ticaret-bankasi\/","og_site_name":"Faik Tunay","article_modified_time":"2024-12-10T11:04:25+00:00","og_image":[{"width":1024,"height":634,"url":"https:\/\/faiktunay.com.tr\/wp-content\/uploads\/2023\/03\/islamtcrt-1930-1024x634-1.jpg","type":"image\/jpeg"}],"twitter_card":"summary_large_image","twitter_misc":{"Est. reading time":"1 minute"},"schema":{"@context":"https:\/\/schema.org","@graph":[{"@type":"WebPage","@id":"https:\/\/faiktunay.com.tr\/turk-ticaret-bankasi\/","url":"https:\/\/faiktunay.com.tr\/turk-ticaret-bankasi\/","name":"T\u00fcrk Ticaret Bankas\u0131 - Faik Tunay","isPartOf":{"@id":"https:\/\/faiktunay.com.tr\/#website"},"primaryImageOfPage":{"@id":"https:\/\/faiktunay.com.tr\/turk-ticaret-bankasi\/#primaryimage"},"image":{"@id":"https:\/\/faiktunay.com.tr\/turk-ticaret-bankasi\/#primaryimage"},"thumbnailUrl":"https:\/\/faiktunay.com.tr\/wp-content\/uploads\/2023\/03\/islamtcrt-1930-1024x634-1.jpg","datePublished":"2023-03-27T09:47:45+00:00","dateModified":"2024-12-10T11:04:25+00:00","breadcrumb":{"@id":"https:\/\/faiktunay.com.tr\/turk-ticaret-bankasi\/#breadcrumb"},"inLanguage":"en-US","potentialAction":[{"@type":"ReadAction","target":["https:\/\/faiktunay.com.tr\/turk-ticaret-bankasi\/"]}]},{"@type":"ImageObject","inLanguage":"en-US","@id":"https:\/\/faiktunay.com.tr\/turk-ticaret-bankasi\/#primaryimage","url":"https:\/\/faiktunay.com.tr\/wp-content\/uploads\/2023\/03\/islamtcrt-1930-1024x634-1.jpg","contentUrl":"https:\/\/faiktunay.com.tr\/wp-content\/uploads\/2023\/03\/islamtcrt-1930-1024x634-1.jpg"},{"@type":"BreadcrumbList","@id":"https:\/\/faiktunay.com.tr\/turk-ticaret-bankasi\/#breadcrumb","itemListElement":[{"@type":"ListItem","position":1,"name":"Anasayfa","item":"https:\/\/faiktunay.com.tr\/"},{"@type":"ListItem","position":2,"name":"T\u00fcrk Ticaret Bankas\u0131"}]},{"@type":"WebSite","@id":"https:\/\/faiktunay.com.tr\/#website","url":"https:\/\/faiktunay.com.tr\/","name":"Faik Tunay","description":"","publisher":{"@id":"https:\/\/faiktunay.com.tr\/#\/schema\/person\/c49b0bc68a3e76483795a134219cf7cd"},"potentialAction":[{"@type":"SearchAction","target":{"@type":"EntryPoint","urlTemplate":"https:\/\/faiktunay.com.tr\/?s={search_term_string}"},"query-input":{"@type":"PropertyValueSpecification","valueRequired":true,"valueName":"search_term_string"}}],"inLanguage":"en-US"},{"@type":["Person","Organization"],"@id":"https:\/\/faiktunay.com.tr\/#\/schema\/person\/c49b0bc68a3e76483795a134219cf7cd","name":"Faik Tunay","logo":{"@id":"https:\/\/faiktunay.com.tr\/#\/schema\/person\/image\/"},"sameAs":["https:\/\/faiktunay.com.tr"]}]}},"_links":{"self":[{"href":"https:\/\/faiktunay.com.tr\/en\/wp-json\/wp\/v2\/pages\/279","targetHints":{"allow":["GET"]}}],"collection":[{"href":"https:\/\/faiktunay.com.tr\/en\/wp-json\/wp\/v2\/pages"}],"about":[{"href":"https:\/\/faiktunay.com.tr\/en\/wp-json\/wp\/v2\/types\/page"}],"author":[{"embeddable":true,"href":"https:\/\/faiktunay.com.tr\/en\/wp-json\/wp\/v2\/users\/1"}],"replies":[{"embeddable":true,"href":"https:\/\/faiktunay.com.tr\/en\/wp-json\/wp\/v2\/comments?post=279"}],"version-history":[{"count":0,"href":"https:\/\/faiktunay.com.tr\/en\/wp-json\/wp\/v2\/pages\/279\/revisions"}],"wp:attachment":[{"href":"https:\/\/faiktunay.com.tr\/en\/wp-json\/wp\/v2\/media?parent=279"}],"curies":[{"name":"wp","href":"https:\/\/api.w.org\/{rel}","templated":true}]}}