{"id":417,"date":"2023-03-28T09:39:54","date_gmt":"2023-03-28T09:39:54","guid":{"rendered":"https:\/\/faiktunay.com.tr\/?page_id=417"},"modified":"2024-12-10T11:12:10","modified_gmt":"2024-12-10T11:12:10","slug":"uretmetsek-tukeniriz-turkiyem","status":"publish","type":"page","link":"https:\/\/faiktunay.com.tr\/en\/uretmetsek-tukeniriz-turkiyem\/","title":{"rendered":"if we do not produce, we will run out"},"content":{"rendered":"<div data-elementor-type=\"wp-page\" data-elementor-id=\"417\" class=\"elementor elementor-417\">\n\t\t\t\t\t\t<section class=\"elementor-section elementor-top-section elementor-element elementor-element-4aad6e4a elementor-section-boxed elementor-section-height-default elementor-section-height-default xts-section-disabled\" data-id=\"4aad6e4a\" data-element_type=\"section\">\n\t\t\t\t\t\t<div class=\"elementor-container elementor-column-gap-wider\">\n\t\t\t\t\t<div class=\"elementor-column elementor-col-66 elementor-top-column elementor-element elementor-element-2e11ee46\" data-id=\"2e11ee46\" data-element_type=\"column\">\n\t\t\t<div class=\"elementor-widget-wrap elementor-element-populated\">\n\t\t\t\t\t\t<div class=\"elementor-element elementor-element-82b7b98 xts-scheme-inherit xts-textalign-inherit elementor-widget elementor-widget-text-editor\" data-id=\"82b7b98\" data-element_type=\"widget\" data-widget_type=\"text-editor.default\">\n\t\t\t\t<div class=\"elementor-widget-container\">\n\t\t\t\t\t\t\t<!-- wp:paragraph -->\n<p class=\"translation-block\"><b>Thinking, Questioning, Wondering<\/b><\/p>\n<!-- \/wp:paragraph -->\n\n<!-- wp:paragraph -->\n<p>When these basic values exist, it is easier for society to progress and develop. When it comes to words, everyone in our country says that differences are the greatest wealth, but unfortunately when it comes to action, they do not implement this, they do not even want to be neighbors, let alone different people doing joint business. This situation, which is of vital importance for social peace, is actually directly linked to the economy. For a strong and sustainable economy, individuals who think, question and wonder are essential, but these are not enough. The society must truly respect differences, assimilate differences, and understand that brains that think differently are needed for success. Once these are ready, countries progress much faster with production-oriented and production-prioritized governments.<\/p>\n<!-- \/wp:paragraph -->\n\n<!-- wp:paragraph -->\n<p>Greece is one of the countries with the highest rate of entrepreneurs, and T\u00fcrkiye comes in second. The important thing is not more universities, more entrepreneurs, more students. What matters is quality. We need entrepreneurs and capital owners who can make a difference, innovate and think on a global scale. Unfortunately, as a country, we still have not grasped this. Our share of the world economy has been the same for 300 years. Let's leave aside 300 years and look at the last forty years. Turkey's share in the world economy was recorded as 0.86% in 1980 and 0.85% in 2020. This rate, which fell to the lowest level in the last 40 years in 2001, rose to the highest level in 2013, but has decreased every year since 2013. As you can see, it hits the bottom and rises again, but in fact it always comes to the same point, it cannot move one step further. We are like someone who runs on a treadmill and does sports. We get tired, we sweat, but in fact we always run in the same place, there is no progress. The main reason for this is that our economy is not production-oriented.<\/p>\n<!-- \/wp:paragraph -->\n\n<!-- wp:paragraph -->\n<p><strong>Tu<\/strong>While all these were evident in Turkey, those who have been in power for twenty years without interruption chose the construction-oriented growth model instead of solving these problems. One of the main reasons for the trouble we are experiencing today is that we invest the foreign currency resources we receive from abroad in TL-income businesses. It is said that Turkey has a lot of debt. Actually, this debt ratio is not a big problem, the issue is where you invest the debts. For example, if you take $1 trillion and invest it in a business that can pay you back, that's fine. But if you take 100 thousand lira and invest it in an area that you cannot return, there is a problem. Turkey needs to analyze this.\u00a0<\/p>\n<!-- \/wp:paragraph -->\n\n<!-- wp:paragraph -->\n<p>There is no need to reinvent America. There are countries in the world that have achieved this. South Korea and Taiwan are the two best examples. Their cultural changes, focus points and education systems have brought them to these points. Our country, which stands like a bridge between Asia and Europe, has many advantages with its geostrategic importance and young population. The only thing that needs to be done is to initiate production mobilization and switch to a production-oriented economic model.<\/p>\n<!-- \/wp:paragraph -->\t\t\t\t\t\t<\/div>\n\t\t\t\t<\/div>\n\t\t\t\t<div class=\"elementor-element elementor-element-f6dde9d elementor-widget elementor-widget-image\" data-id=\"f6dde9d\" data-element_type=\"widget\" data-widget_type=\"image.default\">\n\t\t\t\t<div class=\"elementor-widget-container\">\n\t\t\t\t\t\t\t\t\t\t\t\t\t<img fetchpriority=\"high\" decoding=\"async\" width=\"1024\" height=\"471\" src=\"https:\/\/faiktunay.com.tr\/wp-content\/uploads\/2024\/12\/6f25372f-524b-48e2-a33a-8c4163b3290f.jpg\" class=\"attachment-large size-large wp-image-814\" alt=\"\" srcset=\"https:\/\/faiktunay.com.tr\/wp-content\/uploads\/2024\/12\/6f25372f-524b-48e2-a33a-8c4163b3290f.jpg 1078w, https:\/\/faiktunay.com.tr\/wp-content\/uploads\/2024\/12\/6f25372f-524b-48e2-a33a-8c4163b3290f-300x191.jpg 300w, https:\/\/faiktunay.com.tr\/wp-content\/uploads\/2024\/12\/6f25372f-524b-48e2-a33a-8c4163b3290f-1024x653.jpg 1024w, https:\/\/faiktunay.com.tr\/wp-content\/uploads\/2024\/12\/6f25372f-524b-48e2-a33a-8c4163b3290f-768x489.jpg 768w, https:\/\/faiktunay.com.tr\/wp-content\/uploads\/2024\/12\/6f25372f-524b-48e2-a33a-8c4163b3290f-18x12.jpg 18w, https:\/\/faiktunay.com.tr\/wp-content\/uploads\/2024\/12\/6f25372f-524b-48e2-a33a-8c4163b3290f-750x478.jpg 750w\" sizes=\"(max-width: 1024px) 100vw, 1024px\" \/>\t\t\t\t\t\t\t\t\t\t\t\t\t<\/div>\n\t\t\t\t<\/div>\n\t\t\t\t\t<\/div>\n\t\t<\/div>\n\t\t\t\t<div class=\"elementor-column elementor-col-33 elementor-top-column elementor-element elementor-element-04cccf3\" data-id=\"04cccf3\" data-element_type=\"column\">\n\t\t\t<div class=\"elementor-widget-wrap elementor-element-populated\">\n\t\t\t\t\t\t<div class=\"elementor-element elementor-element-df0cdaf elementor-widget elementor-widget-image\" data-id=\"df0cdaf\" data-element_type=\"widget\" data-widget_type=\"image.default\">\n\t\t\t\t<div class=\"elementor-widget-container\">\n\t\t\t\t\t\t\t\t\t\t\t\t\t<img decoding=\"async\" src=\"https:\/\/faiktunay.com.tr\/wp-content\/uploads\/2023\/03\/Asset-3.svg\" class=\"attachment-large size-large wp-image-70\" alt=\"\" \/>\t\t\t\t\t\t\t\t\t\t\t\t\t<\/div>\n\t\t\t\t<\/div>\n\t\t\t\t\t<\/div>\n\t\t<\/div>\n\t\t\t\t\t<\/div>\n\t\t<\/section>\n\t\t\t\t<\/div>","protected":false},"excerpt":{"rendered":"<p>Thinking, Questioning, Wondering: When these basic values exist, it is easier for society to progress and develop. When it comes to words, everyone in our country says that differences are the greatest wealth, but unfortunately when it comes to action, they do not implement this, they do not even want to be neighbors, let alone different people doing joint business. This situation, which is of vital importance for social peace, is actually directly [\u2026]<\/p>","protected":false},"author":1,"featured_media":0,"parent":0,"menu_order":0,"comment_status":"closed","ping_status":"closed","template":"","meta":{"footnotes":""},"class_list":["post-417","page","type-page","status-publish","hentry"],"yoast_head":"<!-- This site is optimized with the Yoast SEO plugin v25.7 - https:\/\/yoast.com\/wordpress\/plugins\/seo\/ -->\n<title>\u00dcretmetsek T\u00fckeniriz T\u00fcrkiyem - Faik Tunay<\/title>\n<meta name=\"robots\" content=\"index, follow, max-snippet:-1, max-image-preview:large, max-video-preview:-1\" \/>\n<link rel=\"canonical\" href=\"https:\/\/faiktunay.com.tr\/en\/uretmetsek-tukeniriz-turkiyem\/\" \/>\n<meta property=\"og:locale\" content=\"en_US\" \/>\n<meta property=\"og:type\" content=\"article\" \/>\n<meta property=\"og:title\" content=\"\u00dcretmetsek T\u00fckeniriz T\u00fcrkiyem - Faik Tunay\" \/>\n<meta property=\"og:description\" content=\"D\u00fc\u015f\u00fcnmek , Sorgulamak ,Merak Etmek Bu temel de\u011ferler oldu\u011fu zaman toplumun ilerlemesi ve geli\u015fmesi daha kolay oluyor. Lafa geldi\u011fi zaman \u00fclkemizde herkes farkl\u0131l\u0131klar en b\u00fcy\u00fck zenginliktir diyor ama icraata geldi\u011fi zaman maalesef bunu uygulam\u0131yor, b\u0131rak\u0131n farkl\u0131 insanlar\u0131n ortak i\u015f yapmas\u0131n\u0131, kom\u015fu dahi olmak istemiyorlar. Toplumsal huzur a\u00e7\u0131s\u0131ndan hayati \u00f6neme sahip bu durumun asl\u0131nda direkt olarak [&hellip;]\" \/>\n<meta property=\"og:url\" content=\"https:\/\/faiktunay.com.tr\/en\/uretmetsek-tukeniriz-turkiyem\/\" \/>\n<meta property=\"og:site_name\" content=\"Faik Tunay\" \/>\n<meta property=\"article:modified_time\" content=\"2024-12-10T11:12:10+00:00\" \/>\n<meta property=\"og:image\" content=\"https:\/\/faiktunay.com.tr\/wp-content\/uploads\/2024\/12\/fe805ea5-d8de-495e-a0df-51db511bd9c4.jpg\" \/>\n\t<meta property=\"og:image:width\" content=\"1050\" \/>\n\t<meta property=\"og:image:height\" content=\"483\" \/>\n\t<meta property=\"og:image:type\" content=\"image\/jpeg\" \/>\n<meta name=\"twitter:card\" content=\"summary_large_image\" \/>\n<meta name=\"twitter:label1\" content=\"Est. reading time\" \/>\n\t<meta name=\"twitter:data1\" content=\"3 minutes\" \/>\n<script type=\"application\/ld+json\" class=\"yoast-schema-graph\">{\"@context\":\"https:\/\/schema.org\",\"@graph\":[{\"@type\":\"WebPage\",\"@id\":\"https:\/\/faiktunay.com.tr\/uretmetsek-tukeniriz-turkiyem\/\",\"url\":\"https:\/\/faiktunay.com.tr\/uretmetsek-tukeniriz-turkiyem\/\",\"name\":\"\u00dcretmetsek T\u00fckeniriz T\u00fcrkiyem - Faik Tunay\",\"isPartOf\":{\"@id\":\"https:\/\/faiktunay.com.tr\/#website\"},\"primaryImageOfPage\":{\"@id\":\"https:\/\/faiktunay.com.tr\/uretmetsek-tukeniriz-turkiyem\/#primaryimage\"},\"image\":{\"@id\":\"https:\/\/faiktunay.com.tr\/uretmetsek-tukeniriz-turkiyem\/#primaryimage\"},\"thumbnailUrl\":\"https:\/\/faiktunay.com.tr\/wp-content\/uploads\/2024\/12\/fe805ea5-d8de-495e-a0df-51db511bd9c4-1024x471.jpg\",\"datePublished\":\"2023-03-28T09:39:54+00:00\",\"dateModified\":\"2024-12-10T11:12:10+00:00\",\"breadcrumb\":{\"@id\":\"https:\/\/faiktunay.com.tr\/uretmetsek-tukeniriz-turkiyem\/#breadcrumb\"},\"inLanguage\":\"en-US\",\"potentialAction\":[{\"@type\":\"ReadAction\",\"target\":[\"https:\/\/faiktunay.com.tr\/uretmetsek-tukeniriz-turkiyem\/\"]}]},{\"@type\":\"ImageObject\",\"inLanguage\":\"en-US\",\"@id\":\"https:\/\/faiktunay.com.tr\/uretmetsek-tukeniriz-turkiyem\/#primaryimage\",\"url\":\"https:\/\/faiktunay.com.tr\/wp-content\/uploads\/2024\/12\/fe805ea5-d8de-495e-a0df-51db511bd9c4-1024x471.jpg\",\"contentUrl\":\"https:\/\/faiktunay.com.tr\/wp-content\/uploads\/2024\/12\/fe805ea5-d8de-495e-a0df-51db511bd9c4-1024x471.jpg\"},{\"@type\":\"BreadcrumbList\",\"@id\":\"https:\/\/faiktunay.com.tr\/uretmetsek-tukeniriz-turkiyem\/#breadcrumb\",\"itemListElement\":[{\"@type\":\"ListItem\",\"position\":1,\"name\":\"Anasayfa\",\"item\":\"https:\/\/faiktunay.com.tr\/\"},{\"@type\":\"ListItem\",\"position\":2,\"name\":\"\u00dcretmetsek T\u00fckeniriz T\u00fcrkiyem\"}]},{\"@type\":\"WebSite\",\"@id\":\"https:\/\/faiktunay.com.tr\/#website\",\"url\":\"https:\/\/faiktunay.com.tr\/\",\"name\":\"Faik Tunay\",\"description\":\"\",\"publisher\":{\"@id\":\"https:\/\/faiktunay.com.tr\/#\/schema\/person\/c49b0bc68a3e76483795a134219cf7cd\"},\"potentialAction\":[{\"@type\":\"SearchAction\",\"target\":{\"@type\":\"EntryPoint\",\"urlTemplate\":\"https:\/\/faiktunay.com.tr\/?s={search_term_string}\"},\"query-input\":{\"@type\":\"PropertyValueSpecification\",\"valueRequired\":true,\"valueName\":\"search_term_string\"}}],\"inLanguage\":\"en-US\"},{\"@type\":[\"Person\",\"Organization\"],\"@id\":\"https:\/\/faiktunay.com.tr\/#\/schema\/person\/c49b0bc68a3e76483795a134219cf7cd\",\"name\":\"Faik Tunay\",\"logo\":{\"@id\":\"https:\/\/faiktunay.com.tr\/#\/schema\/person\/image\/\"},\"sameAs\":[\"https:\/\/faiktunay.com.tr\"]}]}<\/script>\n<!-- \/ Yoast SEO plugin. -->","yoast_head_json":{"title":"\u00dcretmetsek T\u00fckeniriz T\u00fcrkiyem - Faik Tunay","robots":{"index":"index","follow":"follow","max-snippet":"max-snippet:-1","max-image-preview":"max-image-preview:large","max-video-preview":"max-video-preview:-1"},"canonical":"https:\/\/faiktunay.com.tr\/en\/uretmetsek-tukeniriz-turkiyem\/","og_locale":"en_US","og_type":"article","og_title":"\u00dcretmetsek T\u00fckeniriz T\u00fcrkiyem - Faik Tunay","og_description":"D\u00fc\u015f\u00fcnmek , Sorgulamak ,Merak Etmek Bu temel de\u011ferler oldu\u011fu zaman toplumun ilerlemesi ve geli\u015fmesi daha kolay oluyor. Lafa geldi\u011fi zaman \u00fclkemizde herkes farkl\u0131l\u0131klar en b\u00fcy\u00fck zenginliktir diyor ama icraata geldi\u011fi zaman maalesef bunu uygulam\u0131yor, b\u0131rak\u0131n farkl\u0131 insanlar\u0131n ortak i\u015f yapmas\u0131n\u0131, kom\u015fu dahi olmak istemiyorlar. Toplumsal huzur a\u00e7\u0131s\u0131ndan hayati \u00f6neme sahip bu durumun asl\u0131nda direkt olarak [&hellip;]","og_url":"https:\/\/faiktunay.com.tr\/en\/uretmetsek-tukeniriz-turkiyem\/","og_site_name":"Faik Tunay","article_modified_time":"2024-12-10T11:12:10+00:00","og_image":[{"width":1050,"height":483,"url":"https:\/\/faiktunay.com.tr\/wp-content\/uploads\/2024\/12\/fe805ea5-d8de-495e-a0df-51db511bd9c4.jpg","type":"image\/jpeg"}],"twitter_card":"summary_large_image","twitter_misc":{"Est. reading time":"3 minutes"},"schema":{"@context":"https:\/\/schema.org","@graph":[{"@type":"WebPage","@id":"https:\/\/faiktunay.com.tr\/uretmetsek-tukeniriz-turkiyem\/","url":"https:\/\/faiktunay.com.tr\/uretmetsek-tukeniriz-turkiyem\/","name":"\u00dcretmetsek T\u00fckeniriz T\u00fcrkiyem - Faik Tunay","isPartOf":{"@id":"https:\/\/faiktunay.com.tr\/#website"},"primaryImageOfPage":{"@id":"https:\/\/faiktunay.com.tr\/uretmetsek-tukeniriz-turkiyem\/#primaryimage"},"image":{"@id":"https:\/\/faiktunay.com.tr\/uretmetsek-tukeniriz-turkiyem\/#primaryimage"},"thumbnailUrl":"https:\/\/faiktunay.com.tr\/wp-content\/uploads\/2024\/12\/fe805ea5-d8de-495e-a0df-51db511bd9c4-1024x471.jpg","datePublished":"2023-03-28T09:39:54+00:00","dateModified":"2024-12-10T11:12:10+00:00","breadcrumb":{"@id":"https:\/\/faiktunay.com.tr\/uretmetsek-tukeniriz-turkiyem\/#breadcrumb"},"inLanguage":"en-US","potentialAction":[{"@type":"ReadAction","target":["https:\/\/faiktunay.com.tr\/uretmetsek-tukeniriz-turkiyem\/"]}]},{"@type":"ImageObject","inLanguage":"en-US","@id":"https:\/\/faiktunay.com.tr\/uretmetsek-tukeniriz-turkiyem\/#primaryimage","url":"https:\/\/faiktunay.com.tr\/wp-content\/uploads\/2024\/12\/fe805ea5-d8de-495e-a0df-51db511bd9c4-1024x471.jpg","contentUrl":"https:\/\/faiktunay.com.tr\/wp-content\/uploads\/2024\/12\/fe805ea5-d8de-495e-a0df-51db511bd9c4-1024x471.jpg"},{"@type":"BreadcrumbList","@id":"https:\/\/faiktunay.com.tr\/uretmetsek-tukeniriz-turkiyem\/#breadcrumb","itemListElement":[{"@type":"ListItem","position":1,"name":"Anasayfa","item":"https:\/\/faiktunay.com.tr\/"},{"@type":"ListItem","position":2,"name":"\u00dcretmetsek T\u00fckeniriz T\u00fcrkiyem"}]},{"@type":"WebSite","@id":"https:\/\/faiktunay.com.tr\/#website","url":"https:\/\/faiktunay.com.tr\/","name":"Faik Tunay","description":"","publisher":{"@id":"https:\/\/faiktunay.com.tr\/#\/schema\/person\/c49b0bc68a3e76483795a134219cf7cd"},"potentialAction":[{"@type":"SearchAction","target":{"@type":"EntryPoint","urlTemplate":"https:\/\/faiktunay.com.tr\/?s={search_term_string}"},"query-input":{"@type":"PropertyValueSpecification","valueRequired":true,"valueName":"search_term_string"}}],"inLanguage":"en-US"},{"@type":["Person","Organization"],"@id":"https:\/\/faiktunay.com.tr\/#\/schema\/person\/c49b0bc68a3e76483795a134219cf7cd","name":"Faik Tunay","logo":{"@id":"https:\/\/faiktunay.com.tr\/#\/schema\/person\/image\/"},"sameAs":["https:\/\/faiktunay.com.tr"]}]}},"_links":{"self":[{"href":"https:\/\/faiktunay.com.tr\/en\/wp-json\/wp\/v2\/pages\/417","targetHints":{"allow":["GET"]}}],"collection":[{"href":"https:\/\/faiktunay.com.tr\/en\/wp-json\/wp\/v2\/pages"}],"about":[{"href":"https:\/\/faiktunay.com.tr\/en\/wp-json\/wp\/v2\/types\/page"}],"author":[{"embeddable":true,"href":"https:\/\/faiktunay.com.tr\/en\/wp-json\/wp\/v2\/users\/1"}],"replies":[{"embeddable":true,"href":"https:\/\/faiktunay.com.tr\/en\/wp-json\/wp\/v2\/comments?post=417"}],"version-history":[{"count":0,"href":"https:\/\/faiktunay.com.tr\/en\/wp-json\/wp\/v2\/pages\/417\/revisions"}],"wp:attachment":[{"href":"https:\/\/faiktunay.com.tr\/en\/wp-json\/wp\/v2\/media?parent=417"}],"curies":[{"name":"wp","href":"https:\/\/api.w.org\/{rel}","templated":true}]}}