{"id":651,"date":"2024-01-04T21:36:36","date_gmt":"2024-01-04T21:36:36","guid":{"rendered":"https:\/\/faiktunay.com.tr\/?page_id=651"},"modified":"2024-01-04T21:37:54","modified_gmt":"2024-01-04T21:37:54","slug":"yeni-siyaset-kulturu","status":"publish","type":"page","link":"https:\/\/faiktunay.com.tr\/en\/yeni-siyaset-kulturu\/","title":{"rendered":"New Political Culture\u00a0"},"content":{"rendered":"<div data-elementor-type=\"wp-page\" data-elementor-id=\"651\" class=\"elementor elementor-651\">\n\t\t\t\t\t\t<section class=\"elementor-section elementor-top-section elementor-element elementor-element-d87faab elementor-section-boxed elementor-section-height-default elementor-section-height-default xts-section-disabled\" data-id=\"d87faab\" data-element_type=\"section\">\n\t\t\t\t\t\t<div class=\"elementor-container elementor-column-gap-default\">\n\t\t\t\t\t<div class=\"elementor-column elementor-col-50 elementor-top-column elementor-element elementor-element-7aa93dd\" data-id=\"7aa93dd\" data-element_type=\"column\">\n\t\t\t<div class=\"elementor-widget-wrap elementor-element-populated\">\n\t\t\t\t\t\t<div class=\"elementor-element elementor-element-2c892213 xts-scheme-inherit xts-textalign-inherit elementor-widget elementor-widget-text-editor\" data-id=\"2c892213\" data-element_type=\"widget\" data-widget_type=\"text-editor.default\">\n\t\t\t\t<div class=\"elementor-widget-container\">\n\t\t\t\t\t\t\t<!-- wp:paragraph -->\n<p>Our goal is to contribute to the formation of a new political culture in our country, where polarization is increasing, fault lines are sharpening, and politicians only come together and talk at martyrs' funerals, and to make new political people say they are in politics.<\/p>\n<!-- \/wp:paragraph --><!-- wp:image {\"id\":648,\"width\":\"593px\",\"height\":\"auto\",\"sizeSlug\":\"full\",\"linkDestination\":\"none\"} --><!-- \/wp:image -->\t\t\t\t\t\t<\/div>\n\t\t\t\t<\/div>\n\t\t\t\t\t<\/div>\n\t\t<\/div>\n\t\t\t\t<div class=\"elementor-column elementor-col-50 elementor-top-column elementor-element elementor-element-3ae12ed\" data-id=\"3ae12ed\" data-element_type=\"column\">\n\t\t\t<div class=\"elementor-widget-wrap elementor-element-populated\">\n\t\t\t\t\t\t<div class=\"elementor-element elementor-element-b89121c elementor-widget elementor-widget-image\" data-id=\"b89121c\" data-element_type=\"widget\" data-widget_type=\"image.default\">\n\t\t\t\t<div class=\"elementor-widget-container\">\n\t\t\t\t\t\t\t\t\t\t\t\t\t<img fetchpriority=\"high\" decoding=\"async\" width=\"790\" height=\"362\" src=\"https:\/\/faiktunay.com.tr\/wp-content\/uploads\/2024\/01\/yeni-siyaset-kulturu-logo.png\" class=\"attachment-large size-large wp-image-648\" alt=\"\" srcset=\"https:\/\/faiktunay.com.tr\/wp-content\/uploads\/2024\/01\/yeni-siyaset-kulturu-logo.png 790w, https:\/\/faiktunay.com.tr\/wp-content\/uploads\/2024\/01\/yeni-siyaset-kulturu-logo-300x137.png 300w, https:\/\/faiktunay.com.tr\/wp-content\/uploads\/2024\/01\/yeni-siyaset-kulturu-logo-768x352.png 768w, https:\/\/faiktunay.com.tr\/wp-content\/uploads\/2024\/01\/yeni-siyaset-kulturu-logo-18x8.png 18w, https:\/\/faiktunay.com.tr\/wp-content\/uploads\/2024\/01\/yeni-siyaset-kulturu-logo-750x344.png 750w\" sizes=\"(max-width: 790px) 100vw, 790px\" \/>\t\t\t\t\t\t\t\t\t\t\t\t\t<\/div>\n\t\t\t\t<\/div>\n\t\t\t\t\t<\/div>\n\t\t<\/div>\n\t\t\t\t\t<\/div>\n\t\t<\/section>\n\t\t\t\t<\/div>","protected":false},"excerpt":{"rendered":"<p>Our goal is to contribute to the formation of a new political culture in our country, where polarization is increasing, fault lines are sharpening, and politicians only come together and talk at martyrs' funerals, and to make new political people say they are in politics.<\/p>","protected":false},"author":1,"featured_media":0,"parent":0,"menu_order":0,"comment_status":"closed","ping_status":"closed","template":"","meta":{"footnotes":""},"class_list":["post-651","page","type-page","status-publish","hentry"],"yoast_head":"<!-- This site is optimized with the Yoast SEO plugin v25.7 - https:\/\/yoast.com\/wordpress\/plugins\/seo\/ -->\n<title>Yeni Siyaset K\u00fclt\u00fcr\u00fc\u00a0 - Faik Tunay<\/title>\n<meta name=\"robots\" content=\"index, follow, max-snippet:-1, max-image-preview:large, max-video-preview:-1\" \/>\n<link rel=\"canonical\" href=\"https:\/\/faiktunay.com.tr\/en\/yeni-siyaset-kulturu\/\" \/>\n<meta property=\"og:locale\" content=\"en_US\" \/>\n<meta property=\"og:type\" content=\"article\" \/>\n<meta property=\"og:title\" content=\"Yeni Siyaset K\u00fclt\u00fcr\u00fc\u00a0 - Faik Tunay\" \/>\n<meta property=\"og:description\" content=\"Hedefimiz, kutupla\u015fman\u0131n giderek artt\u0131\u011f\u0131, fay hatlar\u0131n\u0131n keskinle\u015fti\u011fi, siyaset\u00e7ilerin sadece \u015fehit cenazelerinde bir araya gelip konu\u015ftu\u011fu \u00fclkemizde, yeni siyaset k\u00fclt\u00fcr\u00fcn\u00fcn olu\u015fmas\u0131na katk\u0131 sa\u011flayarak, yeni siyaset insanlar\u0131na, siyasette bende var\u0131m dedirtmek.\" \/>\n<meta property=\"og:url\" content=\"https:\/\/faiktunay.com.tr\/en\/yeni-siyaset-kulturu\/\" \/>\n<meta property=\"og:site_name\" content=\"Faik Tunay\" \/>\n<meta property=\"article:modified_time\" content=\"2024-01-04T21:37:54+00:00\" \/>\n<meta property=\"og:image\" content=\"https:\/\/faiktunay.com.tr\/wp-content\/uploads\/2024\/01\/yeni-siyaset-kulturu-logo.png\" \/>\n\t<meta property=\"og:image:width\" content=\"790\" \/>\n\t<meta property=\"og:image:height\" content=\"362\" \/>\n\t<meta property=\"og:image:type\" content=\"image\/png\" \/>\n<meta name=\"twitter:card\" content=\"summary_large_image\" \/>\n<script type=\"application\/ld+json\" class=\"yoast-schema-graph\">{\"@context\":\"https:\/\/schema.org\",\"@graph\":[{\"@type\":\"WebPage\",\"@id\":\"https:\/\/faiktunay.com.tr\/yeni-siyaset-kulturu\/\",\"url\":\"https:\/\/faiktunay.com.tr\/yeni-siyaset-kulturu\/\",\"name\":\"Yeni Siyaset K\u00fclt\u00fcr\u00fc\u00a0 - Faik Tunay\",\"isPartOf\":{\"@id\":\"https:\/\/faiktunay.com.tr\/#website\"},\"primaryImageOfPage\":{\"@id\":\"https:\/\/faiktunay.com.tr\/yeni-siyaset-kulturu\/#primaryimage\"},\"image\":{\"@id\":\"https:\/\/faiktunay.com.tr\/yeni-siyaset-kulturu\/#primaryimage\"},\"thumbnailUrl\":\"https:\/\/faiktunay.com.tr\/wp-content\/uploads\/2024\/01\/yeni-siyaset-kulturu-logo.png\",\"datePublished\":\"2024-01-04T21:36:36+00:00\",\"dateModified\":\"2024-01-04T21:37:54+00:00\",\"breadcrumb\":{\"@id\":\"https:\/\/faiktunay.com.tr\/yeni-siyaset-kulturu\/#breadcrumb\"},\"inLanguage\":\"en-US\",\"potentialAction\":[{\"@type\":\"ReadAction\",\"target\":[\"https:\/\/faiktunay.com.tr\/yeni-siyaset-kulturu\/\"]}]},{\"@type\":\"ImageObject\",\"inLanguage\":\"en-US\",\"@id\":\"https:\/\/faiktunay.com.tr\/yeni-siyaset-kulturu\/#primaryimage\",\"url\":\"https:\/\/faiktunay.com.tr\/wp-content\/uploads\/2024\/01\/yeni-siyaset-kulturu-logo.png\",\"contentUrl\":\"https:\/\/faiktunay.com.tr\/wp-content\/uploads\/2024\/01\/yeni-siyaset-kulturu-logo.png\"},{\"@type\":\"BreadcrumbList\",\"@id\":\"https:\/\/faiktunay.com.tr\/yeni-siyaset-kulturu\/#breadcrumb\",\"itemListElement\":[{\"@type\":\"ListItem\",\"position\":1,\"name\":\"Anasayfa\",\"item\":\"https:\/\/faiktunay.com.tr\/\"},{\"@type\":\"ListItem\",\"position\":2,\"name\":\"Yeni Siyaset K\u00fclt\u00fcr\u00fc\u00a0\"}]},{\"@type\":\"WebSite\",\"@id\":\"https:\/\/faiktunay.com.tr\/#website\",\"url\":\"https:\/\/faiktunay.com.tr\/\",\"name\":\"Faik Tunay\",\"description\":\"\",\"publisher\":{\"@id\":\"https:\/\/faiktunay.com.tr\/#\/schema\/person\/c49b0bc68a3e76483795a134219cf7cd\"},\"potentialAction\":[{\"@type\":\"SearchAction\",\"target\":{\"@type\":\"EntryPoint\",\"urlTemplate\":\"https:\/\/faiktunay.com.tr\/?s={search_term_string}\"},\"query-input\":{\"@type\":\"PropertyValueSpecification\",\"valueRequired\":true,\"valueName\":\"search_term_string\"}}],\"inLanguage\":\"en-US\"},{\"@type\":[\"Person\",\"Organization\"],\"@id\":\"https:\/\/faiktunay.com.tr\/#\/schema\/person\/c49b0bc68a3e76483795a134219cf7cd\",\"name\":\"Faik Tunay\",\"logo\":{\"@id\":\"https:\/\/faiktunay.com.tr\/#\/schema\/person\/image\/\"},\"sameAs\":[\"https:\/\/faiktunay.com.tr\"]}]}<\/script>\n<!-- \/ Yoast SEO plugin. -->","yoast_head_json":{"title":"Yeni Siyaset K\u00fclt\u00fcr\u00fc\u00a0 - Faik Tunay","robots":{"index":"index","follow":"follow","max-snippet":"max-snippet:-1","max-image-preview":"max-image-preview:large","max-video-preview":"max-video-preview:-1"},"canonical":"https:\/\/faiktunay.com.tr\/en\/yeni-siyaset-kulturu\/","og_locale":"en_US","og_type":"article","og_title":"Yeni Siyaset K\u00fclt\u00fcr\u00fc\u00a0 - Faik Tunay","og_description":"Hedefimiz, kutupla\u015fman\u0131n giderek artt\u0131\u011f\u0131, fay hatlar\u0131n\u0131n keskinle\u015fti\u011fi, siyaset\u00e7ilerin sadece \u015fehit cenazelerinde bir araya gelip konu\u015ftu\u011fu \u00fclkemizde, yeni siyaset k\u00fclt\u00fcr\u00fcn\u00fcn olu\u015fmas\u0131na katk\u0131 sa\u011flayarak, yeni siyaset insanlar\u0131na, siyasette bende var\u0131m dedirtmek.","og_url":"https:\/\/faiktunay.com.tr\/en\/yeni-siyaset-kulturu\/","og_site_name":"Faik Tunay","article_modified_time":"2024-01-04T21:37:54+00:00","og_image":[{"width":790,"height":362,"url":"https:\/\/faiktunay.com.tr\/wp-content\/uploads\/2024\/01\/yeni-siyaset-kulturu-logo.png","type":"image\/png"}],"twitter_card":"summary_large_image","schema":{"@context":"https:\/\/schema.org","@graph":[{"@type":"WebPage","@id":"https:\/\/faiktunay.com.tr\/yeni-siyaset-kulturu\/","url":"https:\/\/faiktunay.com.tr\/yeni-siyaset-kulturu\/","name":"Yeni Siyaset K\u00fclt\u00fcr\u00fc\u00a0 - Faik Tunay","isPartOf":{"@id":"https:\/\/faiktunay.com.tr\/#website"},"primaryImageOfPage":{"@id":"https:\/\/faiktunay.com.tr\/yeni-siyaset-kulturu\/#primaryimage"},"image":{"@id":"https:\/\/faiktunay.com.tr\/yeni-siyaset-kulturu\/#primaryimage"},"thumbnailUrl":"https:\/\/faiktunay.com.tr\/wp-content\/uploads\/2024\/01\/yeni-siyaset-kulturu-logo.png","datePublished":"2024-01-04T21:36:36+00:00","dateModified":"2024-01-04T21:37:54+00:00","breadcrumb":{"@id":"https:\/\/faiktunay.com.tr\/yeni-siyaset-kulturu\/#breadcrumb"},"inLanguage":"en-US","potentialAction":[{"@type":"ReadAction","target":["https:\/\/faiktunay.com.tr\/yeni-siyaset-kulturu\/"]}]},{"@type":"ImageObject","inLanguage":"en-US","@id":"https:\/\/faiktunay.com.tr\/yeni-siyaset-kulturu\/#primaryimage","url":"https:\/\/faiktunay.com.tr\/wp-content\/uploads\/2024\/01\/yeni-siyaset-kulturu-logo.png","contentUrl":"https:\/\/faiktunay.com.tr\/wp-content\/uploads\/2024\/01\/yeni-siyaset-kulturu-logo.png"},{"@type":"BreadcrumbList","@id":"https:\/\/faiktunay.com.tr\/yeni-siyaset-kulturu\/#breadcrumb","itemListElement":[{"@type":"ListItem","position":1,"name":"Anasayfa","item":"https:\/\/faiktunay.com.tr\/"},{"@type":"ListItem","position":2,"name":"Yeni Siyaset K\u00fclt\u00fcr\u00fc\u00a0"}]},{"@type":"WebSite","@id":"https:\/\/faiktunay.com.tr\/#website","url":"https:\/\/faiktunay.com.tr\/","name":"Faik Tunay","description":"","publisher":{"@id":"https:\/\/faiktunay.com.tr\/#\/schema\/person\/c49b0bc68a3e76483795a134219cf7cd"},"potentialAction":[{"@type":"SearchAction","target":{"@type":"EntryPoint","urlTemplate":"https:\/\/faiktunay.com.tr\/?s={search_term_string}"},"query-input":{"@type":"PropertyValueSpecification","valueRequired":true,"valueName":"search_term_string"}}],"inLanguage":"en-US"},{"@type":["Person","Organization"],"@id":"https:\/\/faiktunay.com.tr\/#\/schema\/person\/c49b0bc68a3e76483795a134219cf7cd","name":"Faik Tunay","logo":{"@id":"https:\/\/faiktunay.com.tr\/#\/schema\/person\/image\/"},"sameAs":["https:\/\/faiktunay.com.tr"]}]}},"_links":{"self":[{"href":"https:\/\/faiktunay.com.tr\/en\/wp-json\/wp\/v2\/pages\/651","targetHints":{"allow":["GET"]}}],"collection":[{"href":"https:\/\/faiktunay.com.tr\/en\/wp-json\/wp\/v2\/pages"}],"about":[{"href":"https:\/\/faiktunay.com.tr\/en\/wp-json\/wp\/v2\/types\/page"}],"author":[{"embeddable":true,"href":"https:\/\/faiktunay.com.tr\/en\/wp-json\/wp\/v2\/users\/1"}],"replies":[{"embeddable":true,"href":"https:\/\/faiktunay.com.tr\/en\/wp-json\/wp\/v2\/comments?post=651"}],"version-history":[{"count":0,"href":"https:\/\/faiktunay.com.tr\/en\/wp-json\/wp\/v2\/pages\/651\/revisions"}],"wp:attachment":[{"href":"https:\/\/faiktunay.com.tr\/en\/wp-json\/wp\/v2\/media?parent=651"}],"curies":[{"name":"wp","href":"https:\/\/api.w.org\/{rel}","templated":true}]}}